{"id":429,"date":"2022-07-30T10:02:27","date_gmt":"2022-07-30T08:02:27","guid":{"rendered":"http:\/\/delicatessezen.fr\/?page_id=429"},"modified":"2026-04-08T15:14:26","modified_gmt":"2026-04-08T13:14:26","slug":"le-soin","status":"publish","type":"page","link":"https:\/\/delicatessezen.fr\/index.php\/le-soin\/","title":{"rendered":"Soins"},"content":{"rendered":"\t\t<div data-elementor-type=\"wp-page\" data-elementor-id=\"429\" class=\"elementor elementor-429\">\n\t\t\t\t\t\t<section class=\"elementor-section elementor-top-section elementor-element elementor-element-438c905d elementor-section-stretched animated-fast elementor-section-boxed elementor-section-height-default elementor-section-height-default elementor-invisible\" data-id=\"438c905d\" data-element_type=\"section\" data-e-type=\"section\" data-settings=\"{&quot;stretch_section&quot;:&quot;section-stretched&quot;,&quot;animation&quot;:&quot;fadeInUp&quot;}\">\n\t\t\t\t\t\t<div class=\"elementor-container elementor-column-gap-default\">\n\t\t\t\t\t<div class=\"elementor-column elementor-col-100 elementor-top-column elementor-element elementor-element-5e00eac8\" data-id=\"5e00eac8\" data-element_type=\"column\" data-e-type=\"column\">\n\t\t\t<div class=\"elementor-widget-wrap elementor-element-populated\">\n\t\t\t\t\t\t<div class=\"elementor-element elementor-element-4eb18e38 elementor-widget elementor-widget-text-editor\" data-id=\"4eb18e38\" data-element_type=\"widget\" data-e-type=\"widget\" data-widget_type=\"text-editor.default\">\n\t\t\t\t<div class=\"elementor-widget-container\">\n\t\t\t\t\t\t\t\t\t<figure class=\"wp-block-image\"><\/figure>\n<div class=\"wp-block-columns\">\n<div class=\"wp-block-column\" style=\"flex-basis: 100%;\">\n<div class=\"wp-block-columns are-vertically-aligned-center has-background\" style=\"background-color: #512716;\">\n<div class=\"wp-block-column is-vertically-aligned-center\">\n<figure class=\"wp-block-image size-large is-resized is-style-rounded\"><img fetchpriority=\"high\" decoding=\"async\" class=\"alignnone wp-image-646\" src=\"http:\/\/delicatessezen.fr\/wp-content\/uploads\/2022\/08\/IMG-20220825-WA0010-1024x768.jpg\" alt=\"soin visage\" width=\"300\" height=\"225\" srcset=\"https:\/\/delicatessezen.fr\/wp-content\/uploads\/2022\/08\/IMG-20220825-WA0010-1024x768.jpg 1024w, https:\/\/delicatessezen.fr\/wp-content\/uploads\/2022\/08\/IMG-20220825-WA0010-300x225.jpg 300w, https:\/\/delicatessezen.fr\/wp-content\/uploads\/2022\/08\/IMG-20220825-WA0010-768x576.jpg 768w, https:\/\/delicatessezen.fr\/wp-content\/uploads\/2022\/08\/IMG-20220825-WA0010-1536x1152.jpg 1536w, https:\/\/delicatessezen.fr\/wp-content\/uploads\/2022\/08\/IMG-20220825-WA0010.jpg 1600w\" sizes=\"(max-width: 300px) 100vw, 300px\" \/><\/figure>\n<p><!-- \/wp:image --><\/p>\n<\/div>\n<p><!-- \/wp:column --><!-- wp:column {\"verticalAlignment\":\"center\",\"width\":\"420px\"} --><\/p>\n<div class=\"wp-block-column is-vertically-aligned-center\" style=\"flex-basis: 420px;\">\n<p><!-- wp:heading {\"textAlign\":\"center\",\"style\":{\"typography\":{\"fontSize\":\"30px\",\"textTransform\":\"uppercase\"}},\"textColor\":\"white\"} --><\/p>\n<h2 class=\"has-text-align-center has-white-color has-text-color\" style=\"font-size: 30px; text-transform: uppercase;\">Le soin visage Tui Na<\/h2>\n<p><!-- \/wp:heading --><!-- wp:paragraph {\"align\":\"center\",\"textColor\":\"white\"} --><\/p>\n<p class=\"has-text-align-center has-white-color has-text-color\">Le soin visage Tui Na sert \u00e0 pr\u00e9server la peau de sa jeunesse, il est pratiqu\u00e9 avec de l&rsquo;huile gr\u00e2ce \u00e0 des pressions sur des points d&rsquo;acuponctures et diverses man\u0153uvre le long des m\u00e9ridiens du visage. On va utiliser le rouleau de jade, le ridoki et le mushrooms.<\/p>\n<p><!-- \/wp:paragraph --><!-- wp:buttons {\"layout\":{\"type\":\"flex\",\"justifyContent\":\"center\",\"verticalAlignment\":\"bottom\"}} --><\/p>\n<div class=\"wp-block-buttons\">\n<p><!-- wp:button {\"textColor\":\"white\",\"style\":{\"color\":{\"background\":\"#925322\"}},\"className\":\"is-style-outline\"} --><\/p>\n<div class=\"wp-block-button is-style-outline\"><a class=\"wp-block-button__link has-white-color has-text-color has-background\" style=\"background-color: #925322;\" href=\"http:\/\/delicatessezen.fr\/index.php\/2022\/07\/30\/le-tui-na-visage\/\">JE VEUX PLUS D&rsquo;INFORMATIONS<\/a><\/div>\n<p><!-- \/wp:button --><\/p>\n<\/div>\n<p><!-- \/wp:buttons --><\/p>\n<\/div>\n<p><!-- \/wp:column --><\/p>\n<\/div>\n<p><!-- \/wp:columns --><\/p>\n<\/div>\n<p><!-- \/wp:column --><\/p>\n<\/div>\n<p><!-- \/wp:columns --><!-- wp:columns --><\/p>\n<div class=\"wp-block-columns\">\n<p><!-- wp:column {\"width\":\"100%\"} --><\/p>\n<div class=\"wp-block-column\" style=\"flex-basis: 100%;\">\n<p><!-- wp:columns {\"style\":{\"color\":{\"background\":\"#512716\"}}} --><\/p>\n<div class=\"wp-block-columns has-background\" style=\"background-color: #512716;\">\n<p><!-- wp:column {\"verticalAlignment\":\"center\",\"width\":\"420px\"} --><\/p>\n<div class=\"wp-block-column is-vertically-aligned-center\" style=\"flex-basis: 420px;\">\n<p><!-- wp:heading {\"textAlign\":\"center\",\"style\":{\"typography\":{\"fontSize\":\"30px\",\"textTransform\":\"uppercase\"}},\"textColor\":\"white\"} --><\/p>\n<h2 class=\"has-text-align-center has-white-color has-text-color\" style=\"font-size: 30px; text-transform: uppercase;\">Le reiki<\/h2>\n<p><!-- \/wp:heading --><!-- wp:paragraph {\"textColor\":\"white\"} --><\/p>\n<p class=\"has-white-color has-text-color\">Le reiki est un soin qui favorise la relaxation. <br \/>Il apporte un mieux-\u00eatre aux personnes ayant des probl\u00e8mes \u00e9motionnels et mentaux.<\/p>\n<p><!-- \/wp:paragraph --><!-- wp:buttons {\"layout\":{\"type\":\"flex\",\"justifyContent\":\"center\",\"verticalAlignment\":\"bottom\"}} --><\/p>\n<div class=\"wp-block-buttons\">\n<p><!-- wp:button {\"textColor\":\"white\",\"style\":{\"color\":{\"background\":\"#925322\"}},\"className\":\"is-style-outline\"} --><\/p>\n<div class=\"wp-block-button is-style-outline\"><a class=\"wp-block-button__link has-white-color has-text-color has-background\" style=\"background-color: #925322;\" href=\"https:\/\/delicatessezen.fr\/index.php\/2022\/07\/16\/le-reiki\/\">JE VEUX PLUS D&rsquo;INFORMATIONS<\/a><\/div>\n<p><!-- \/wp:button --><\/p>\n<\/div>\n<p><!-- \/wp:buttons --><\/p>\n<\/div>\n<p><!-- \/wp:column --><!-- wp:column {\"verticalAlignment\":\"center\"} --><\/p>\n<div class=\"wp-block-column is-vertically-aligned-center\">\n<p><!-- wp:image {\"id\":647,\"width\":179,\"height\":200,\"sizeSlug\":\"full\",\"linkDestination\":\"none\",\"className\":\"is-style-rounded\"} --><\/p>\n<figure class=\"wp-block-image size-full is-resized is-style-rounded\"><img decoding=\"async\" class=\"aligncenter wp-image-647\" src=\"http:\/\/delicatessezen.fr\/wp-content\/uploads\/2022\/08\/IMG_20220829_125735.jpg\" alt=\"\" width=\"300\" height=\"336\" srcset=\"https:\/\/delicatessezen.fr\/wp-content\/uploads\/2022\/08\/IMG_20220829_125735.jpg 562w, https:\/\/delicatessezen.fr\/wp-content\/uploads\/2022\/08\/IMG_20220829_125735-268x300.jpg 268w\" sizes=\"(max-width: 300px) 100vw, 300px\" \/><\/figure>\n<p><!-- \/wp:image --><\/p>\n<\/div>\n<p><!-- \/wp:column --><\/p>\n<\/div>\n<p><!-- \/wp:columns --><\/p>\n<\/div>\n<p><!-- \/wp:column --><\/p>\n<\/div>\n<p><!-- \/wp:columns --><!-- wp:cover {\"url\":\"http:\/\/delicatessezen.fr\/wp-content\/uploads\/2022\/07\/JpegJanMockupCard33-1024x681.jpg\",\"id\":268,\"dimRatio\":30,\"contentPosition\":\"top left\",\"isDark\":false,\"style\":{\"color\":{}}} --><\/p>\n<div class=\"wp-block-cover is-light has-custom-content-position is-position-top-left\">\n<p><img decoding=\"async\" width=\"1024\" height=\"681\" class=\"wp-block-cover__image-background wp-image-268\" src=\"http:\/\/delicatessezen.fr\/wp-content\/uploads\/2022\/07\/JpegJanMockupCard33-1024x681.jpg\" alt=\"ch\u00e8que cadeau\" data-object-fit=\"cover\" srcset=\"https:\/\/delicatessezen.fr\/wp-content\/uploads\/2022\/07\/JpegJanMockupCard33-1024x681.jpg 1024w, https:\/\/delicatessezen.fr\/wp-content\/uploads\/2022\/07\/JpegJanMockupCard33-300x200.jpg 300w, https:\/\/delicatessezen.fr\/wp-content\/uploads\/2022\/07\/JpegJanMockupCard33-768x511.jpg 768w, https:\/\/delicatessezen.fr\/wp-content\/uploads\/2022\/07\/JpegJanMockupCard33-1536x1022.jpg 1536w, https:\/\/delicatessezen.fr\/wp-content\/uploads\/2022\/07\/JpegJanMockupCard33-2048x1363.jpg 2048w, https:\/\/delicatessezen.fr\/wp-content\/uploads\/2022\/07\/JpegJanMockupCard33-1x1.jpg 1w\" sizes=\"(max-width: 767px) 89vw, (max-width: 1000px) 54vw, (max-width: 1071px) 543px, 580px\" \/><\/p>\n<div class=\"wp-block-cover__inner-container\">\n<p><!-- wp:paragraph {\"align\":\"center\",\"fontSize\":\"large\"} --><\/p>\n<p class=\"has-text-align-center has-large-font-size\">Pensez au ch\u00e8que cadeau<\/p>\n<p><!-- \/wp:paragraph --><\/p>\n<\/div>\n<\/div>\n<p><!-- \/wp:cover --><\/p>\t\t\t\t\t\t\t\t<\/div>\n\t\t\t\t<\/div>\n\t\t\t\t\t<\/div>\n\t\t<\/div>\n\t\t\t\t\t<\/div>\n\t\t<\/section>\n\t\t\t\t<\/div>\n\t\t","protected":false},"excerpt":{"rendered":"<p>Le soin visage Tui Na Le soin visage Tui Na sert \u00e0 pr\u00e9server la peau de sa jeunesse, il est pratiqu\u00e9 avec de l&rsquo;huile gr\u00e2ce \u00e0 des pressions sur des points d&rsquo;acuponctures et diverses man\u0153uvre le long des m\u00e9ridiens du visage. On va utiliser le rouleau de jade, le ridoki et le mushrooms. JE VEUX &hellip; <\/p>\n<p class=\"link-more\"><a href=\"https:\/\/delicatessezen.fr\/index.php\/le-soin\/\" class=\"more-link\">Continuer la lecture<span class=\"screen-reader-text\"> de &laquo;&nbsp;Soins&nbsp;&raquo;<\/span><\/a><\/p>\n","protected":false},"author":1,"featured_media":0,"parent":0,"menu_order":0,"comment_status":"closed","ping_status":"closed","template":"","meta":{"footnotes":""},"class_list":["post-429","page","type-page","status-publish","hentry"],"yoast_head":"<!-- This site is optimized with the Yoast SEO plugin v27.4 - https:\/\/yoast.com\/product\/yoast-seo-wordpress\/ -->\n<title>Soins - D\u00e9licatesse Zen<\/title>\n<meta name=\"description\" content=\"Descriptifs des diff\u00e9rents soins propos\u00e9s chez d\u00e9licatesse : le soin visage, le soin visage Tui Na et le reiki. Disponible en bon cadeau !\" \/>\n<meta name=\"robots\" content=\"index, follow, max-snippet:-1, max-image-preview:large, max-video-preview:-1\" \/>\n<link rel=\"canonical\" href=\"https:\/\/delicatessezen.fr\/index.php\/le-soin\/\" \/>\n<meta property=\"og:locale\" content=\"fr_FR\" \/>\n<meta property=\"og:type\" content=\"article\" \/>\n<meta property=\"og:title\" content=\"Soins - D\u00e9licatesse Zen\" \/>\n<meta property=\"og:description\" content=\"Descriptifs des diff\u00e9rents soins propos\u00e9s chez d\u00e9licatesse : le soin visage, le soin visage Tui Na et le reiki. Disponible en bon cadeau !\" \/>\n<meta property=\"og:url\" content=\"https:\/\/delicatessezen.fr\/index.php\/le-soin\/\" \/>\n<meta property=\"og:site_name\" content=\"D\u00e9licatesse Zen\" \/>\n<meta property=\"article:publisher\" content=\"https:\/\/www.facebook.com\/profile.php?id=100063778463497\" \/>\n<meta property=\"article:modified_time\" content=\"2026-04-08T13:14:26+00:00\" \/>\n<meta property=\"og:image\" content=\"https:\/\/delicatessezen.fr\/wp-content\/uploads\/2022\/08\/IMG-20220825-WA0010.jpg\" \/>\n\t<meta property=\"og:image:width\" content=\"1600\" \/>\n\t<meta property=\"og:image:height\" content=\"1200\" \/>\n\t<meta property=\"og:image:type\" content=\"image\/jpeg\" \/>\n<meta name=\"twitter:card\" content=\"summary_large_image\" \/>\n<meta name=\"twitter:label1\" content=\"Dur\u00e9e de lecture estim\u00e9e\" \/>\n\t<meta name=\"twitter:data1\" content=\"2 minutes\" \/>\n<script type=\"application\/ld+json\" class=\"yoast-schema-graph\">{\"@context\":\"https:\\\/\\\/schema.org\",\"@graph\":[{\"@type\":\"WebPage\",\"@id\":\"https:\\\/\\\/delicatessezen.fr\\\/index.php\\\/le-soin\\\/\",\"url\":\"https:\\\/\\\/delicatessezen.fr\\\/index.php\\\/le-soin\\\/\",\"name\":\"Soins - D\u00e9licatesse Zen\",\"isPartOf\":{\"@id\":\"https:\\\/\\\/delicatessezen.fr\\\/#website\"},\"primaryImageOfPage\":{\"@id\":\"https:\\\/\\\/delicatessezen.fr\\\/index.php\\\/le-soin\\\/#primaryimage\"},\"image\":{\"@id\":\"https:\\\/\\\/delicatessezen.fr\\\/index.php\\\/le-soin\\\/#primaryimage\"},\"thumbnailUrl\":\"http:\\\/\\\/delicatessezen.fr\\\/wp-content\\\/uploads\\\/2022\\\/08\\\/IMG-20220825-WA0010-1024x768.jpg\",\"datePublished\":\"2022-07-30T08:02:27+00:00\",\"dateModified\":\"2026-04-08T13:14:26+00:00\",\"description\":\"Descriptifs des diff\u00e9rents soins propos\u00e9s chez d\u00e9licatesse : le soin visage, le soin visage Tui Na et le reiki. Disponible en bon cadeau !\",\"breadcrumb\":{\"@id\":\"https:\\\/\\\/delicatessezen.fr\\\/index.php\\\/le-soin\\\/#breadcrumb\"},\"inLanguage\":\"fr-FR\",\"potentialAction\":[{\"@type\":\"ReadAction\",\"target\":[\"https:\\\/\\\/delicatessezen.fr\\\/index.php\\\/le-soin\\\/\"]}]},{\"@type\":\"ImageObject\",\"inLanguage\":\"fr-FR\",\"@id\":\"https:\\\/\\\/delicatessezen.fr\\\/index.php\\\/le-soin\\\/#primaryimage\",\"url\":\"https:\\\/\\\/delicatessezen.fr\\\/wp-content\\\/uploads\\\/2022\\\/08\\\/IMG-20220825-WA0010.jpg\",\"contentUrl\":\"https:\\\/\\\/delicatessezen.fr\\\/wp-content\\\/uploads\\\/2022\\\/08\\\/IMG-20220825-WA0010.jpg\",\"width\":1600,\"height\":1200},{\"@type\":\"BreadcrumbList\",\"@id\":\"https:\\\/\\\/delicatessezen.fr\\\/index.php\\\/le-soin\\\/#breadcrumb\",\"itemListElement\":[{\"@type\":\"ListItem\",\"position\":1,\"name\":\"Accueil\",\"item\":\"https:\\\/\\\/delicatessezen.fr\\\/\"},{\"@type\":\"ListItem\",\"position\":2,\"name\":\"Soins\"}]},{\"@type\":\"WebSite\",\"@id\":\"https:\\\/\\\/delicatessezen.fr\\\/#website\",\"url\":\"https:\\\/\\\/delicatessezen.fr\\\/\",\"name\":\"D\u00e9licatesse Zen\",\"description\":\"Le bien-\u00eatre est l&#039;harmonie de notre fort int\u00e9rieur.\",\"publisher\":{\"@id\":\"https:\\\/\\\/delicatessezen.fr\\\/#organization\"},\"potentialAction\":[{\"@type\":\"SearchAction\",\"target\":{\"@type\":\"EntryPoint\",\"urlTemplate\":\"https:\\\/\\\/delicatessezen.fr\\\/?s={search_term_string}\"},\"query-input\":{\"@type\":\"PropertyValueSpecification\",\"valueRequired\":true,\"valueName\":\"search_term_string\"}}],\"inLanguage\":\"fr-FR\"},{\"@type\":\"Organization\",\"@id\":\"https:\\\/\\\/delicatessezen.fr\\\/#organization\",\"name\":\"D\u00e9licatesse Zen\",\"url\":\"https:\\\/\\\/delicatessezen.fr\\\/\",\"logo\":{\"@type\":\"ImageObject\",\"inLanguage\":\"fr-FR\",\"@id\":\"https:\\\/\\\/delicatessezen.fr\\\/#\\\/schema\\\/logo\\\/image\\\/\",\"url\":\"http:\\\/\\\/delicatessezen.fr\\\/wp-content\\\/uploads\\\/2022\\\/07\\\/cropped-Logo-05.png\",\"contentUrl\":\"http:\\\/\\\/delicatessezen.fr\\\/wp-content\\\/uploads\\\/2022\\\/07\\\/cropped-Logo-05.png\",\"width\":240,\"height\":154,\"caption\":\"D\u00e9licatesse Zen\"},\"image\":{\"@id\":\"https:\\\/\\\/delicatessezen.fr\\\/#\\\/schema\\\/logo\\\/image\\\/\"},\"sameAs\":[\"https:\\\/\\\/www.facebook.com\\\/profile.php?id=100063778463497\",\"https:\\\/\\\/www.instagram.com\\\/delicatesse_zen\\\/\"]}]}<\/script>\n<!-- \/ Yoast SEO plugin. -->","yoast_head_json":{"title":"Soins - D\u00e9licatesse Zen","description":"Descriptifs des diff\u00e9rents soins propos\u00e9s chez d\u00e9licatesse : le soin visage, le soin visage Tui Na et le reiki. Disponible en bon cadeau !","robots":{"index":"index","follow":"follow","max-snippet":"max-snippet:-1","max-image-preview":"max-image-preview:large","max-video-preview":"max-video-preview:-1"},"canonical":"https:\/\/delicatessezen.fr\/index.php\/le-soin\/","og_locale":"fr_FR","og_type":"article","og_title":"Soins - D\u00e9licatesse Zen","og_description":"Descriptifs des diff\u00e9rents soins propos\u00e9s chez d\u00e9licatesse : le soin visage, le soin visage Tui Na et le reiki. Disponible en bon cadeau !","og_url":"https:\/\/delicatessezen.fr\/index.php\/le-soin\/","og_site_name":"D\u00e9licatesse Zen","article_publisher":"https:\/\/www.facebook.com\/profile.php?id=100063778463497","article_modified_time":"2026-04-08T13:14:26+00:00","og_image":[{"width":1600,"height":1200,"url":"https:\/\/delicatessezen.fr\/wp-content\/uploads\/2022\/08\/IMG-20220825-WA0010.jpg","type":"image\/jpeg"}],"twitter_card":"summary_large_image","twitter_misc":{"Dur\u00e9e de lecture estim\u00e9e":"2 minutes"},"schema":{"@context":"https:\/\/schema.org","@graph":[{"@type":"WebPage","@id":"https:\/\/delicatessezen.fr\/index.php\/le-soin\/","url":"https:\/\/delicatessezen.fr\/index.php\/le-soin\/","name":"Soins - D\u00e9licatesse Zen","isPartOf":{"@id":"https:\/\/delicatessezen.fr\/#website"},"primaryImageOfPage":{"@id":"https:\/\/delicatessezen.fr\/index.php\/le-soin\/#primaryimage"},"image":{"@id":"https:\/\/delicatessezen.fr\/index.php\/le-soin\/#primaryimage"},"thumbnailUrl":"http:\/\/delicatessezen.fr\/wp-content\/uploads\/2022\/08\/IMG-20220825-WA0010-1024x768.jpg","datePublished":"2022-07-30T08:02:27+00:00","dateModified":"2026-04-08T13:14:26+00:00","description":"Descriptifs des diff\u00e9rents soins propos\u00e9s chez d\u00e9licatesse : le soin visage, le soin visage Tui Na et le reiki. Disponible en bon cadeau !","breadcrumb":{"@id":"https:\/\/delicatessezen.fr\/index.php\/le-soin\/#breadcrumb"},"inLanguage":"fr-FR","potentialAction":[{"@type":"ReadAction","target":["https:\/\/delicatessezen.fr\/index.php\/le-soin\/"]}]},{"@type":"ImageObject","inLanguage":"fr-FR","@id":"https:\/\/delicatessezen.fr\/index.php\/le-soin\/#primaryimage","url":"https:\/\/delicatessezen.fr\/wp-content\/uploads\/2022\/08\/IMG-20220825-WA0010.jpg","contentUrl":"https:\/\/delicatessezen.fr\/wp-content\/uploads\/2022\/08\/IMG-20220825-WA0010.jpg","width":1600,"height":1200},{"@type":"BreadcrumbList","@id":"https:\/\/delicatessezen.fr\/index.php\/le-soin\/#breadcrumb","itemListElement":[{"@type":"ListItem","position":1,"name":"Accueil","item":"https:\/\/delicatessezen.fr\/"},{"@type":"ListItem","position":2,"name":"Soins"}]},{"@type":"WebSite","@id":"https:\/\/delicatessezen.fr\/#website","url":"https:\/\/delicatessezen.fr\/","name":"D\u00e9licatesse Zen","description":"Le bien-\u00eatre est l&#039;harmonie de notre fort int\u00e9rieur.","publisher":{"@id":"https:\/\/delicatessezen.fr\/#organization"},"potentialAction":[{"@type":"SearchAction","target":{"@type":"EntryPoint","urlTemplate":"https:\/\/delicatessezen.fr\/?s={search_term_string}"},"query-input":{"@type":"PropertyValueSpecification","valueRequired":true,"valueName":"search_term_string"}}],"inLanguage":"fr-FR"},{"@type":"Organization","@id":"https:\/\/delicatessezen.fr\/#organization","name":"D\u00e9licatesse Zen","url":"https:\/\/delicatessezen.fr\/","logo":{"@type":"ImageObject","inLanguage":"fr-FR","@id":"https:\/\/delicatessezen.fr\/#\/schema\/logo\/image\/","url":"http:\/\/delicatessezen.fr\/wp-content\/uploads\/2022\/07\/cropped-Logo-05.png","contentUrl":"http:\/\/delicatessezen.fr\/wp-content\/uploads\/2022\/07\/cropped-Logo-05.png","width":240,"height":154,"caption":"D\u00e9licatesse Zen"},"image":{"@id":"https:\/\/delicatessezen.fr\/#\/schema\/logo\/image\/"},"sameAs":["https:\/\/www.facebook.com\/profile.php?id=100063778463497","https:\/\/www.instagram.com\/delicatesse_zen\/"]}]}},"_links":{"self":[{"href":"https:\/\/delicatessezen.fr\/index.php\/wp-json\/wp\/v2\/pages\/429","targetHints":{"allow":["GET"]}}],"collection":[{"href":"https:\/\/delicatessezen.fr\/index.php\/wp-json\/wp\/v2\/pages"}],"about":[{"href":"https:\/\/delicatessezen.fr\/index.php\/wp-json\/wp\/v2\/types\/page"}],"author":[{"embeddable":true,"href":"https:\/\/delicatessezen.fr\/index.php\/wp-json\/wp\/v2\/users\/1"}],"replies":[{"embeddable":true,"href":"https:\/\/delicatessezen.fr\/index.php\/wp-json\/wp\/v2\/comments?post=429"}],"version-history":[{"count":33,"href":"https:\/\/delicatessezen.fr\/index.php\/wp-json\/wp\/v2\/pages\/429\/revisions"}],"predecessor-version":[{"id":1244,"href":"https:\/\/delicatessezen.fr\/index.php\/wp-json\/wp\/v2\/pages\/429\/revisions\/1244"}],"wp:attachment":[{"href":"https:\/\/delicatessezen.fr\/index.php\/wp-json\/wp\/v2\/media?parent=429"}],"curies":[{"name":"wp","href":"https:\/\/api.w.org\/{rel}","templated":true}]}}