{"id":7,"date":"2022-07-16T14:23:41","date_gmt":"2022-07-16T12:23:41","guid":{"rendered":"http:\/\/delicatessezen.fr\/?page_id=7"},"modified":"2023-03-03T14:12:00","modified_gmt":"2023-03-03T13:12:00","slug":"contact","status":"publish","type":"page","link":"https:\/\/delicatessezen.fr\/index.php\/contact\/","title":{"rendered":"Contact"},"content":{"rendered":"\n<div class=\"wp-block-cover is-light\" style=\"min-height:194px;aspect-ratio:unset;\"><span aria-hidden=\"true\" class=\"wp-block-cover__background has-background-dim\"><\/span><img fetchpriority=\"high\" decoding=\"async\" width=\"2000\" height=\"1201\" class=\"wp-block-cover__image-background wp-image-330\" alt=\"\" src=\"http:\/\/delicatessezen.fr\/wp-content\/uploads\/2022\/07\/cropped-pexels-darina-belonogova-8789638-scaled-1.jpg\" style=\"object-position:43% 13%\" data-object-fit=\"cover\" data-object-position=\"43% 13%\" srcset=\"https:\/\/delicatessezen.fr\/wp-content\/uploads\/2022\/07\/cropped-pexels-darina-belonogova-8789638-scaled-1.jpg 2000w, https:\/\/delicatessezen.fr\/wp-content\/uploads\/2022\/07\/cropped-pexels-darina-belonogova-8789638-scaled-1-300x180.jpg 300w, https:\/\/delicatessezen.fr\/wp-content\/uploads\/2022\/07\/cropped-pexels-darina-belonogova-8789638-scaled-1-1024x615.jpg 1024w, https:\/\/delicatessezen.fr\/wp-content\/uploads\/2022\/07\/cropped-pexels-darina-belonogova-8789638-scaled-1-768x461.jpg 768w, https:\/\/delicatessezen.fr\/wp-content\/uploads\/2022\/07\/cropped-pexels-darina-belonogova-8789638-scaled-1-1536x922.jpg 1536w\" sizes=\"(max-width: 767px) 89vw, (max-width: 1000px) 54vw, (max-width: 1071px) 543px, 580px\" \/><div class=\"wp-block-cover__inner-container is-layout-flow wp-block-cover-is-layout-flow\">\n<p class=\"has-text-align-left has-text-color has-medium-font-size\" style=\"color:#e4a76a\">En route vers un mieux-\u00eatre. <\/p>\n<\/div><\/div>\n\n\n\n<div style=\"height:18px\" aria-hidden=\"true\" class=\"wp-block-spacer\"><\/div>\n\n\n\n<div class=\"wp-block-columns is-layout-flex wp-container-core-columns-is-layout-9d6595d7 wp-block-columns-is-layout-flex\">\n<div class=\"wp-block-column is-vertically-aligned-bottom is-layout-flow wp-block-column-is-layout-flow\" style=\"flex-basis:280px\">\n<p style=\"font-size:16px\"><a href=\"mailto:delicatessezen@gmail.com\">delicatessezen@gmail.com<\/a><a href=\"mailto:#\"><br><\/a>T\u00e9l\u00e9phone : 06 60 24 53 31<\/p>\n<\/div>\n\n\n\n<div class=\"wp-block-column is-vertically-aligned-bottom is-layout-flow wp-block-column-is-layout-flow\" style=\"flex-basis:300px\">\n<p class=\"has-text-align-center has-black-color has-text-color\" style=\"font-size:16px\">622 Chemin de la Bergerie, <br>01800 Saint-Jean-de-Niost<\/p>\n<\/div>\n\n\n\n<div class=\"wp-block-column is-vertically-aligned-top is-layout-flow wp-block-column-is-layout-flow\" style=\"flex-basis:80px\">\n<ul class=\"wp-block-social-links aligncenter is-style-pill-shape is-content-justification-space-between is-layout-flex wp-container-core-social-links-is-layout-3d213aab wp-block-social-links-is-layout-flex\"><li class=\"wp-social-link wp-social-link-facebook  wp-block-social-link\"><a href=\"https:\/\/www.facebook.com\/profile.php?id=100063778463497\" class=\"wp-block-social-link-anchor\"><svg width=\"24\" height=\"24\" viewBox=\"0 0 24 24\" version=\"1.1\" xmlns=\"http:\/\/www.w3.org\/2000\/svg\" aria-hidden=\"true\" focusable=\"false\"><path d=\"M12 2C6.5 2 2 6.5 2 12c0 5 3.7 9.1 8.4 9.9v-7H7.9V12h2.5V9.8c0-2.5 1.5-3.9 3.8-3.9 1.1 0 2.2.2 2.2.2v2.5h-1.3c-1.2 0-1.6.8-1.6 1.6V12h2.8l-.4 2.9h-2.3v7C18.3 21.1 22 17 22 12c0-5.5-4.5-10-10-10z\"><\/path><\/svg><span class=\"wp-block-social-link-label screen-reader-text\">Facebook<\/span><\/a><\/li>\n\n<li class=\"wp-social-link wp-social-link-instagram  wp-block-social-link\"><a href=\"https:\/\/www.instagram.com\/delicatesse_zen\/\" class=\"wp-block-social-link-anchor\"><svg width=\"24\" height=\"24\" viewBox=\"0 0 24 24\" version=\"1.1\" xmlns=\"http:\/\/www.w3.org\/2000\/svg\" aria-hidden=\"true\" focusable=\"false\"><path d=\"M12,4.622c2.403,0,2.688,0.009,3.637,0.052c0.877,0.04,1.354,0.187,1.671,0.31c0.42,0.163,0.72,0.358,1.035,0.673 c0.315,0.315,0.51,0.615,0.673,1.035c0.123,0.317,0.27,0.794,0.31,1.671c0.043,0.949,0.052,1.234,0.052,3.637 s-0.009,2.688-0.052,3.637c-0.04,0.877-0.187,1.354-0.31,1.671c-0.163,0.42-0.358,0.72-0.673,1.035 c-0.315,0.315-0.615,0.51-1.035,0.673c-0.317,0.123-0.794,0.27-1.671,0.31c-0.949,0.043-1.233,0.052-3.637,0.052 s-2.688-0.009-3.637-0.052c-0.877-0.04-1.354-0.187-1.671-0.31c-0.42-0.163-0.72-0.358-1.035-0.673 c-0.315-0.315-0.51-0.615-0.673-1.035c-0.123-0.317-0.27-0.794-0.31-1.671C4.631,14.688,4.622,14.403,4.622,12 s0.009-2.688,0.052-3.637c0.04-0.877,0.187-1.354,0.31-1.671c0.163-0.42,0.358-0.72,0.673-1.035 c0.315-0.315,0.615-0.51,1.035-0.673c0.317-0.123,0.794-0.27,1.671-0.31C9.312,4.631,9.597,4.622,12,4.622 M12,3 C9.556,3,9.249,3.01,8.289,3.054C7.331,3.098,6.677,3.25,6.105,3.472C5.513,3.702,5.011,4.01,4.511,4.511 c-0.5,0.5-0.808,1.002-1.038,1.594C3.25,6.677,3.098,7.331,3.054,8.289C3.01,9.249,3,9.556,3,12c0,2.444,0.01,2.751,0.054,3.711 c0.044,0.958,0.196,1.612,0.418,2.185c0.23,0.592,0.538,1.094,1.038,1.594c0.5,0.5,1.002,0.808,1.594,1.038 c0.572,0.222,1.227,0.375,2.185,0.418C9.249,20.99,9.556,21,12,21s2.751-0.01,3.711-0.054c0.958-0.044,1.612-0.196,2.185-0.418 c0.592-0.23,1.094-0.538,1.594-1.038c0.5-0.5,0.808-1.002,1.038-1.594c0.222-0.572,0.375-1.227,0.418-2.185 C20.99,14.751,21,14.444,21,12s-0.01-2.751-0.054-3.711c-0.044-0.958-0.196-1.612-0.418-2.185c-0.23-0.592-0.538-1.094-1.038-1.594 c-0.5-0.5-1.002-0.808-1.594-1.038c-0.572-0.222-1.227-0.375-2.185-0.418C14.751,3.01,14.444,3,12,3L12,3z M12,7.378 c-2.552,0-4.622,2.069-4.622,4.622S9.448,16.622,12,16.622s4.622-2.069,4.622-4.622S14.552,7.378,12,7.378z M12,15 c-1.657,0-3-1.343-3-3s1.343-3,3-3s3,1.343,3,3S13.657,15,12,15z M16.804,6.116c-0.596,0-1.08,0.484-1.08,1.08 s0.484,1.08,1.08,1.08c0.596,0,1.08-0.484,1.08-1.08S17.401,6.116,16.804,6.116z\"><\/path><\/svg><span class=\"wp-block-social-link-label screen-reader-text\">Instagram<\/span><\/a><\/li><\/ul>\n<\/div>\n<\/div>\n\n\n\n<h2 class=\"has-text-align-center wp-block-heading\">Horaire d&rsquo;ouverture : <\/h2>\n\n\n\n<div class=\"wp-block-columns is-layout-flex wp-container-core-columns-is-layout-9d6595d7 wp-block-columns-is-layout-flex\">\n<div class=\"wp-block-column is-layout-flow wp-block-column-is-layout-flow\" style=\"flex-basis:50%\">\n<p>Lundi : 9h00 &#8211; 13h00 \/  14h30- 20h00<br>Mardi : 9h00 &#8211; 13h00 \/  14h30- 20h00<br>Mercredi : 9h00 &#8211; 13h00 \/  14h30- 20h00<br><\/p>\n<\/div>\n\n\n\n<div class=\"wp-block-column is-layout-flow wp-block-column-is-layout-flow\" style=\"flex-basis:50%\">\n<p>Jeudi : 9h00 &#8211; 13h00 \/  14h30- 20h00<br>Vendredi : 9h00 &#8211; 13h00 \/  14h30- 20h00<br>Samedi : 9h00 &#8211; 18h00 <br><\/p>\n<\/div>\n<\/div>\n\n\n<div class=\"wp-block-image is-style-massage-clean-border\">\n<figure class=\"aligncenter size-large is-resized\"><a href=\"https:\/\/www.google.com\/maps\/search\/delicatesse+zen\/@45.8505,5.1183715,12z\" target=\"_blank\" rel=\"noreferrer noopener\"><img decoding=\"async\" src=\"http:\/\/delicatessezen.fr\/wp-content\/uploads\/2022\/07\/Capture-decran-2022-07-16-a-16.18.25-1024x396.png\" alt=\"\" class=\"wp-image-49\" width=\"768\" height=\"297\" srcset=\"https:\/\/delicatessezen.fr\/wp-content\/uploads\/2022\/07\/Capture-decran-2022-07-16-a-16.18.25-1024x396.png 1024w, https:\/\/delicatessezen.fr\/wp-content\/uploads\/2022\/07\/Capture-decran-2022-07-16-a-16.18.25-300x116.png 300w, https:\/\/delicatessezen.fr\/wp-content\/uploads\/2022\/07\/Capture-decran-2022-07-16-a-16.18.25-768x297.png 768w, https:\/\/delicatessezen.fr\/wp-content\/uploads\/2022\/07\/Capture-decran-2022-07-16-a-16.18.25-1536x595.png 1536w, https:\/\/delicatessezen.fr\/wp-content\/uploads\/2022\/07\/Capture-decran-2022-07-16-a-16.18.25-2048x793.png 2048w, https:\/\/delicatessezen.fr\/wp-content\/uploads\/2022\/07\/Capture-decran-2022-07-16-a-16.18.25-1x1.png 1w\" sizes=\"(max-width: 767px) 89vw, (max-width: 1000px) 54vw, (max-width: 1071px) 543px, 580px\" \/><\/a><\/figure>\n<\/div>\n\n\n<!-- D\u00e9but de widget en ligne Calendly -->\n<div class=\"calendly-inline-widget\" data-url=\"https:\/\/calendly.com\/delicatessezen?hide_landing_page_details=1&amp;background_color=fbf7e9&amp;text_color=512716&amp;primary_color=925322\" style=\"min-width:320px;height:630px;\"><\/div>\n<script type=\"text\/javascript\" src=\"https:\/\/assets.calendly.com\/assets\/external\/widget.js\" async=\"\"><\/script>\n<!-- Fin de widget en ligne Calendly -->\n","protected":false},"excerpt":{"rendered":"<p>delicatessezen@gmail.comT\u00e9l\u00e9phone : 06 60 24 53 31 622 Chemin de la Bergerie, 01800 Saint-Jean-de-Niost Horaire d&rsquo;ouverture : Lundi : 9h00 &#8211; 13h00 \/ 14h30- 20h00Mardi : 9h00 &#8211; 13h00 \/ 14h30- 20h00Mercredi : 9h00 &#8211; 13h00 \/ 14h30- 20h00 Jeudi : 9h00 &#8211; 13h00 \/ 14h30- 20h00Vendredi : 9h00 &#8211; 13h00 \/ 14h30- 20h00Samedi : &hellip; <\/p>\n<p class=\"link-more\"><a href=\"https:\/\/delicatessezen.fr\/index.php\/contact\/\" class=\"more-link\">Continuer la lecture<span class=\"screen-reader-text\"> de &laquo;&nbsp;Contact&nbsp;&raquo;<\/span><\/a><\/p>\n","protected":false},"author":1,"featured_media":0,"parent":0,"menu_order":0,"comment_status":"closed","ping_status":"closed","template":"","meta":{"footnotes":""},"class_list":["post-7","page","type-page","status-publish","hentry"],"yoast_head":"<!-- This site is optimized with the Yoast SEO plugin v27.3 - https:\/\/yoast.com\/product\/yoast-seo-wordpress\/ -->\n<title>Contact - D\u00e9licatesse Zen<\/title>\n<meta name=\"description\" content=\"Vous trouverez mon num\u00e9ro de t\u00e9l\u00e9phone, mon adresse mail et mon planning pour prendre rendez vous ou pour me contacter.\" \/>\n<meta name=\"robots\" content=\"index, follow, max-snippet:-1, max-image-preview:large, max-video-preview:-1\" \/>\n<link rel=\"canonical\" href=\"https:\/\/delicatessezen.fr\/index.php\/contact\/\" \/>\n<meta property=\"og:locale\" content=\"fr_FR\" \/>\n<meta property=\"og:type\" content=\"article\" \/>\n<meta property=\"og:title\" content=\"Contact - D\u00e9licatesse Zen\" \/>\n<meta property=\"og:description\" content=\"Vous trouverez mon num\u00e9ro de t\u00e9l\u00e9phone, mon adresse mail et mon planning pour prendre rendez vous ou pour me contacter.\" \/>\n<meta property=\"og:url\" content=\"https:\/\/delicatessezen.fr\/index.php\/contact\/\" \/>\n<meta property=\"og:site_name\" content=\"D\u00e9licatesse Zen\" \/>\n<meta property=\"article:publisher\" content=\"https:\/\/www.facebook.com\/profile.php?id=100063778463497\" \/>\n<meta property=\"article:modified_time\" content=\"2023-03-03T13:12:00+00:00\" \/>\n<meta property=\"og:image\" content=\"http:\/\/delicatessezen.fr\/wp-content\/uploads\/2022\/07\/cropped-pexels-darina-belonogova-8789638-scaled-1.jpg\" \/>\n<meta name=\"twitter:card\" content=\"summary_large_image\" \/>\n<meta name=\"twitter:label1\" content=\"Dur\u00e9e de lecture estim\u00e9e\" \/>\n\t<meta name=\"twitter:data1\" content=\"1 minute\" \/>\n<script type=\"application\/ld+json\" class=\"yoast-schema-graph\">{\"@context\":\"https:\\\/\\\/schema.org\",\"@graph\":[{\"@type\":\"WebPage\",\"@id\":\"https:\\\/\\\/delicatessezen.fr\\\/index.php\\\/contact\\\/\",\"url\":\"https:\\\/\\\/delicatessezen.fr\\\/index.php\\\/contact\\\/\",\"name\":\"Contact - D\u00e9licatesse Zen\",\"isPartOf\":{\"@id\":\"https:\\\/\\\/delicatessezen.fr\\\/#website\"},\"primaryImageOfPage\":{\"@id\":\"https:\\\/\\\/delicatessezen.fr\\\/index.php\\\/contact\\\/#primaryimage\"},\"image\":{\"@id\":\"https:\\\/\\\/delicatessezen.fr\\\/index.php\\\/contact\\\/#primaryimage\"},\"thumbnailUrl\":\"http:\\\/\\\/delicatessezen.fr\\\/wp-content\\\/uploads\\\/2022\\\/07\\\/cropped-pexels-darina-belonogova-8789638-scaled-1.jpg\",\"datePublished\":\"2022-07-16T12:23:41+00:00\",\"dateModified\":\"2023-03-03T13:12:00+00:00\",\"description\":\"Vous trouverez mon num\u00e9ro de t\u00e9l\u00e9phone, mon adresse mail et mon planning pour prendre rendez vous ou pour me contacter.\",\"breadcrumb\":{\"@id\":\"https:\\\/\\\/delicatessezen.fr\\\/index.php\\\/contact\\\/#breadcrumb\"},\"inLanguage\":\"fr-FR\",\"potentialAction\":[{\"@type\":\"ReadAction\",\"target\":[\"https:\\\/\\\/delicatessezen.fr\\\/index.php\\\/contact\\\/\"]}]},{\"@type\":\"ImageObject\",\"inLanguage\":\"fr-FR\",\"@id\":\"https:\\\/\\\/delicatessezen.fr\\\/index.php\\\/contact\\\/#primaryimage\",\"url\":\"https:\\\/\\\/delicatessezen.fr\\\/wp-content\\\/uploads\\\/2022\\\/07\\\/cropped-pexels-darina-belonogova-8789638-scaled-1.jpg\",\"contentUrl\":\"https:\\\/\\\/delicatessezen.fr\\\/wp-content\\\/uploads\\\/2022\\\/07\\\/cropped-pexels-darina-belonogova-8789638-scaled-1.jpg\",\"width\":2000,\"height\":1201,\"caption\":\"fleur lotus\"},{\"@type\":\"BreadcrumbList\",\"@id\":\"https:\\\/\\\/delicatessezen.fr\\\/index.php\\\/contact\\\/#breadcrumb\",\"itemListElement\":[{\"@type\":\"ListItem\",\"position\":1,\"name\":\"Accueil\",\"item\":\"https:\\\/\\\/delicatessezen.fr\\\/\"},{\"@type\":\"ListItem\",\"position\":2,\"name\":\"Contact\"}]},{\"@type\":\"WebSite\",\"@id\":\"https:\\\/\\\/delicatessezen.fr\\\/#website\",\"url\":\"https:\\\/\\\/delicatessezen.fr\\\/\",\"name\":\"D\u00e9licatesse Zen\",\"description\":\"Le bien-\u00eatre est l&#039;harmonie de notre fort int\u00e9rieur.\",\"publisher\":{\"@id\":\"https:\\\/\\\/delicatessezen.fr\\\/#organization\"},\"potentialAction\":[{\"@type\":\"SearchAction\",\"target\":{\"@type\":\"EntryPoint\",\"urlTemplate\":\"https:\\\/\\\/delicatessezen.fr\\\/?s={search_term_string}\"},\"query-input\":{\"@type\":\"PropertyValueSpecification\",\"valueRequired\":true,\"valueName\":\"search_term_string\"}}],\"inLanguage\":\"fr-FR\"},{\"@type\":\"Organization\",\"@id\":\"https:\\\/\\\/delicatessezen.fr\\\/#organization\",\"name\":\"D\u00e9licatesse Zen\",\"url\":\"https:\\\/\\\/delicatessezen.fr\\\/\",\"logo\":{\"@type\":\"ImageObject\",\"inLanguage\":\"fr-FR\",\"@id\":\"https:\\\/\\\/delicatessezen.fr\\\/#\\\/schema\\\/logo\\\/image\\\/\",\"url\":\"http:\\\/\\\/delicatessezen.fr\\\/wp-content\\\/uploads\\\/2022\\\/07\\\/cropped-Logo-05.png\",\"contentUrl\":\"http:\\\/\\\/delicatessezen.fr\\\/wp-content\\\/uploads\\\/2022\\\/07\\\/cropped-Logo-05.png\",\"width\":240,\"height\":154,\"caption\":\"D\u00e9licatesse Zen\"},\"image\":{\"@id\":\"https:\\\/\\\/delicatessezen.fr\\\/#\\\/schema\\\/logo\\\/image\\\/\"},\"sameAs\":[\"https:\\\/\\\/www.facebook.com\\\/profile.php?id=100063778463497\",\"https:\\\/\\\/www.instagram.com\\\/delicatesse_zen\\\/\"]}]}<\/script>\n<!-- \/ Yoast SEO plugin. -->","yoast_head_json":{"title":"Contact - D\u00e9licatesse Zen","description":"Vous trouverez mon num\u00e9ro de t\u00e9l\u00e9phone, mon adresse mail et mon planning pour prendre rendez vous ou pour me contacter.","robots":{"index":"index","follow":"follow","max-snippet":"max-snippet:-1","max-image-preview":"max-image-preview:large","max-video-preview":"max-video-preview:-1"},"canonical":"https:\/\/delicatessezen.fr\/index.php\/contact\/","og_locale":"fr_FR","og_type":"article","og_title":"Contact - D\u00e9licatesse Zen","og_description":"Vous trouverez mon num\u00e9ro de t\u00e9l\u00e9phone, mon adresse mail et mon planning pour prendre rendez vous ou pour me contacter.","og_url":"https:\/\/delicatessezen.fr\/index.php\/contact\/","og_site_name":"D\u00e9licatesse Zen","article_publisher":"https:\/\/www.facebook.com\/profile.php?id=100063778463497","article_modified_time":"2023-03-03T13:12:00+00:00","og_image":[{"url":"http:\/\/delicatessezen.fr\/wp-content\/uploads\/2022\/07\/cropped-pexels-darina-belonogova-8789638-scaled-1.jpg","type":"","width":"","height":""}],"twitter_card":"summary_large_image","twitter_misc":{"Dur\u00e9e de lecture estim\u00e9e":"1 minute"},"schema":{"@context":"https:\/\/schema.org","@graph":[{"@type":"WebPage","@id":"https:\/\/delicatessezen.fr\/index.php\/contact\/","url":"https:\/\/delicatessezen.fr\/index.php\/contact\/","name":"Contact - D\u00e9licatesse Zen","isPartOf":{"@id":"https:\/\/delicatessezen.fr\/#website"},"primaryImageOfPage":{"@id":"https:\/\/delicatessezen.fr\/index.php\/contact\/#primaryimage"},"image":{"@id":"https:\/\/delicatessezen.fr\/index.php\/contact\/#primaryimage"},"thumbnailUrl":"http:\/\/delicatessezen.fr\/wp-content\/uploads\/2022\/07\/cropped-pexels-darina-belonogova-8789638-scaled-1.jpg","datePublished":"2022-07-16T12:23:41+00:00","dateModified":"2023-03-03T13:12:00+00:00","description":"Vous trouverez mon num\u00e9ro de t\u00e9l\u00e9phone, mon adresse mail et mon planning pour prendre rendez vous ou pour me contacter.","breadcrumb":{"@id":"https:\/\/delicatessezen.fr\/index.php\/contact\/#breadcrumb"},"inLanguage":"fr-FR","potentialAction":[{"@type":"ReadAction","target":["https:\/\/delicatessezen.fr\/index.php\/contact\/"]}]},{"@type":"ImageObject","inLanguage":"fr-FR","@id":"https:\/\/delicatessezen.fr\/index.php\/contact\/#primaryimage","url":"https:\/\/delicatessezen.fr\/wp-content\/uploads\/2022\/07\/cropped-pexels-darina-belonogova-8789638-scaled-1.jpg","contentUrl":"https:\/\/delicatessezen.fr\/wp-content\/uploads\/2022\/07\/cropped-pexels-darina-belonogova-8789638-scaled-1.jpg","width":2000,"height":1201,"caption":"fleur lotus"},{"@type":"BreadcrumbList","@id":"https:\/\/delicatessezen.fr\/index.php\/contact\/#breadcrumb","itemListElement":[{"@type":"ListItem","position":1,"name":"Accueil","item":"https:\/\/delicatessezen.fr\/"},{"@type":"ListItem","position":2,"name":"Contact"}]},{"@type":"WebSite","@id":"https:\/\/delicatessezen.fr\/#website","url":"https:\/\/delicatessezen.fr\/","name":"D\u00e9licatesse Zen","description":"Le bien-\u00eatre est l&#039;harmonie de notre fort int\u00e9rieur.","publisher":{"@id":"https:\/\/delicatessezen.fr\/#organization"},"potentialAction":[{"@type":"SearchAction","target":{"@type":"EntryPoint","urlTemplate":"https:\/\/delicatessezen.fr\/?s={search_term_string}"},"query-input":{"@type":"PropertyValueSpecification","valueRequired":true,"valueName":"search_term_string"}}],"inLanguage":"fr-FR"},{"@type":"Organization","@id":"https:\/\/delicatessezen.fr\/#organization","name":"D\u00e9licatesse Zen","url":"https:\/\/delicatessezen.fr\/","logo":{"@type":"ImageObject","inLanguage":"fr-FR","@id":"https:\/\/delicatessezen.fr\/#\/schema\/logo\/image\/","url":"http:\/\/delicatessezen.fr\/wp-content\/uploads\/2022\/07\/cropped-Logo-05.png","contentUrl":"http:\/\/delicatessezen.fr\/wp-content\/uploads\/2022\/07\/cropped-Logo-05.png","width":240,"height":154,"caption":"D\u00e9licatesse Zen"},"image":{"@id":"https:\/\/delicatessezen.fr\/#\/schema\/logo\/image\/"},"sameAs":["https:\/\/www.facebook.com\/profile.php?id=100063778463497","https:\/\/www.instagram.com\/delicatesse_zen\/"]}]}},"_links":{"self":[{"href":"https:\/\/delicatessezen.fr\/index.php\/wp-json\/wp\/v2\/pages\/7","targetHints":{"allow":["GET"]}}],"collection":[{"href":"https:\/\/delicatessezen.fr\/index.php\/wp-json\/wp\/v2\/pages"}],"about":[{"href":"https:\/\/delicatessezen.fr\/index.php\/wp-json\/wp\/v2\/types\/page"}],"author":[{"embeddable":true,"href":"https:\/\/delicatessezen.fr\/index.php\/wp-json\/wp\/v2\/users\/1"}],"replies":[{"embeddable":true,"href":"https:\/\/delicatessezen.fr\/index.php\/wp-json\/wp\/v2\/comments?post=7"}],"version-history":[{"count":25,"href":"https:\/\/delicatessezen.fr\/index.php\/wp-json\/wp\/v2\/pages\/7\/revisions"}],"predecessor-version":[{"id":1016,"href":"https:\/\/delicatessezen.fr\/index.php\/wp-json\/wp\/v2\/pages\/7\/revisions\/1016"}],"wp:attachment":[{"href":"https:\/\/delicatessezen.fr\/index.php\/wp-json\/wp\/v2\/media?parent=7"}],"curies":[{"name":"wp","href":"https:\/\/api.w.org\/{rel}","templated":true}]}}